{"id":180,"date":"2019-01-20T19:09:07","date_gmt":"2019-01-20T18:09:07","guid":{"rendered":"http:\/\/bester-manager-auftritt.de\/?page_id=180"},"modified":"2019-01-20T20:01:51","modified_gmt":"2019-01-20T19:01:51","slug":"preistraeger-2018","status":"publish","type":"page","link":"https:\/\/bester-manager-auftritt.de\/index.php\/preistraeger-2018\/","title":{"rendered":"Preistr\u00e4ger 2018"},"content":{"rendered":"<figure id=\"attachment_232\" aria-describedby=\"caption-attachment-232\" style=\"width: 450px\" class=\"wp-caption alignright\"><img loading=\"lazy\" class=\"size-full wp-image-232\" src=\"http:\/\/bester-manager-auftritt.de\/wp-content\/uploads\/2019\/01\/telekom-chef-timotheus.jpg\" alt=\"Telekom-Chef Timotheus H\u00f6ttges Bild: dpa\" width=\"450\" height=\"202\" srcset=\"https:\/\/bester-manager-auftritt.de\/wp-content\/uploads\/2019\/01\/telekom-chef-timotheus.jpg 450w, https:\/\/bester-manager-auftritt.de\/wp-content\/uploads\/2019\/01\/telekom-chef-timotheus-300x135.jpg 300w\" sizes=\"(max-width: 450px) 100vw, 450px\" \/><figcaption id=\"caption-attachment-232\" class=\"wp-caption-text\">Preistr\u00e4ger <strong>Timotheus H\u00f6ttges<\/strong> (Telekom). Bild: dpa<\/figcaption><\/figure>\n<p><strong>Timotheus H\u00f6ttges\u00a0<\/strong>(Telekom) gelingt 2018 der \u00fcberzeugendste Manager-Auftritt mit seiner Pr\u00e4sentation auf der Hauptversammlung des Unternehmens. Das ist das Ergebnis einer Studie an der TU Dresden nach dem\u00a0<em>Dresdner Modell f\u00fcr die Analyse von Management-Kommunikation\u00a0<\/em>(DMAMK), bei dem Reden von Vorstandsvorsitzenden b\u00f6rsennotierter Gesellschaften und Familienunter\u00adnehmen im Hinblick auf Verst\u00e4ndlichkeit, rhetorische F\u00e4higkeiten, ihre \u00dcberein\u00adstimmung mit der Corporate Identity des Unternehmens und die Inszenierung des Auftritts analysiert werden.<\/p>\n<p>Der Siegerauftritt zeichnet sich laut der wissenschaftlichen Jury \u2019durch einen lebendigen Vortrag und die N\u00e4he zum Publikum aus. Stimme und Sprechweise seien variabel und h\u00f6rerfreundlich; die Argumente unterst\u00fctzten die Kernbot\u00adschaft \u00fcberzeugend. Der Telekom-Chef wirke kompetent, integer und glaubw\u00fcrdig in seiner Rolle. Mit seiner Engagiertheit und einem beeindruckenden rhetorischen Feuerwerk verweist H\u00f6ttges in diesem Jahr Dr. Elmar Degenhart (Continental) und Dr. Dieter Zetsche (Daimler) auf den zweiten und dritten Platz.<\/p>\n<p>\u201eDie Sch\u00e4rfung der Bewertungskategorien und -ma\u00dfst\u00e4be im Vergleich zu den Vorg\u00e4ngerstudien tr\u00e4gt zur Qualit\u00e4t der neuen DMAMK-Analyse ganz entscheidend bei\u201c, sagt Prof. Alexander Lasch von der TU Dresden zur Pr\u00e4zisierung des Untersuchungsdesigns in der aktuellen Studie. Dr. Stefan Wachtel von Executive Modus, der den Preis \u201eDer beste Manager-Auftritt\u201c begr\u00fcndet hat, sagt: \u201eDie Wirkung von Auftritten zeigt, wie gut professionelle Vorarbeit einen CEO in den Executive Modus versetzen kann.\u201c<\/p>\n<p>Die Studie wurde 2018 zum dritten Mal durchgef\u00fchrt. 2017 wurden Bill McDermott, CEO SAP, und 2016 Dr. Elmar Degenhart, CEO Continental, f\u00fcr den \u201ebesten Manager-Auftritt\u201c geehrt.<\/p>\n","protected":false},"excerpt":{"rendered":"<p>Timotheus H\u00f6ttges\u00a0(Telekom) gelingt 2018 der \u00fcberzeugendste Manager-Auftritt mit seiner Pr\u00e4sentation auf der Hauptversammlung des Unternehmens. Das ist das Ergebnis einer Studie an der TU Dresden nach dem\u00a0Dresdner Modell f\u00fcr die Analyse von Management-Kommunikation\u00a0(DMAMK), bei dem Reden von Vorstandsvorsitzenden b\u00f6rsennotierter Gesellschaften<\/p>\n","protected":false},"author":1,"featured_media":0,"parent":0,"menu_order":0,"comment_status":"closed","ping_status":"closed","template":"","meta":[],"_links":{"self":[{"href":"https:\/\/bester-manager-auftritt.de\/index.php\/wp-json\/wp\/v2\/pages\/180"}],"collection":[{"href":"https:\/\/bester-manager-auftritt.de\/index.php\/wp-json\/wp\/v2\/pages"}],"about":[{"href":"https:\/\/bester-manager-auftritt.de\/index.php\/wp-json\/wp\/v2\/types\/page"}],"author":[{"embeddable":true,"href":"https:\/\/bester-manager-auftritt.de\/index.php\/wp-json\/wp\/v2\/users\/1"}],"replies":[{"embeddable":true,"href":"https:\/\/bester-manager-auftritt.de\/index.php\/wp-json\/wp\/v2\/comments?post=180"}],"version-history":[{"count":39,"href":"https:\/\/bester-manager-auftritt.de\/index.php\/wp-json\/wp\/v2\/pages\/180\/revisions"}],"predecessor-version":[{"id":237,"href":"https:\/\/bester-manager-auftritt.de\/index.php\/wp-json\/wp\/v2\/pages\/180\/revisions\/237"}],"wp:attachment":[{"href":"https:\/\/bester-manager-auftritt.de\/index.php\/wp-json\/wp\/v2\/media?parent=180"}],"curies":[{"name":"wp","href":"https:\/\/api.w.org\/{rel}","templated":true}]}}