{"id":18,"date":"2016-11-07T17:07:49","date_gmt":"2016-11-07T16:07:49","guid":{"rendered":"http:\/\/bester-manager-auftritt.de\/?page_id=18"},"modified":"2017-03-30T16:14:29","modified_gmt":"2017-03-30T14:14:29","slug":"der-award","status":"publish","type":"page","link":"https:\/\/bester-manager-auftritt.de\/index.php\/der-award\/","title":{"rendered":"Preistr\u00e4ger 2016"},"content":{"rendered":"<div class=\"wrapper single third clearfix\">\n<div class=\"content\">\n<figure id=\"attachment_96\" aria-describedby=\"caption-attachment-96\" style=\"width: 600px\" class=\"wp-caption alignleft\"><img loading=\"lazy\" class=\"wp-image-96\" src=\"http:\/\/bester-manager-auftritt.de\/wp-content\/uploads\/2016\/11\/s1844_0135_A4-1024x683.jpg\" alt=\"s1844_0135_a4\" width=\"600\" height=\"400\" srcset=\"https:\/\/bester-manager-auftritt.de\/wp-content\/uploads\/2016\/11\/s1844_0135_A4-1024x683.jpg 1024w, https:\/\/bester-manager-auftritt.de\/wp-content\/uploads\/2016\/11\/s1844_0135_A4-300x200.jpg 300w, https:\/\/bester-manager-auftritt.de\/wp-content\/uploads\/2016\/11\/s1844_0135_A4-768x512.jpg 768w\" sizes=\"(max-width: 600px) 100vw, 600px\" \/><figcaption id=\"caption-attachment-96\" class=\"wp-caption-text\">v.l.n.r. Dr. Stefanie Etzel (The Leading Coaches of the World), Dr. Elmar Degenhart (Continental), Initiator Dr. Stefan Wachtel (ExpertExecutive); Foto: Guido Werner<\/figcaption><\/figure>\n<p class=\"big-title\">Der Award &#8222;Bester Manager-Auftritt 2016&#8220; wurde an Continental-Chef Dr. Elmar Degenhart vergeben. Elmar Degenhart hat bei der Preisverleihung die Leistung seines Kommunikationsteams um Felix Gress gew\u00fcrdigt und betont, der Auftritt sei nicht die Leistung eines einzelnen, sondern des Teams. \u201eEs freut uns ganz besonders, dass wir in der Gesamtwirkung der Rede, vor allem aufgrund der Pr\u00e4sentation der Rede und nicht des reinen Inhalts so gut abgeschnitten haben. Ein sch\u00f6nes Feedback f\u00fcr uns,\u201d sagt Elmar Degenhart.<\/p>\n<p class=\"big-title\">Im Bereich der Verst\u00e4ndlichkeit hat\u00a0der drittplatzierte\u00a0Martin Blessing die Nase vorn. Dr. Dieter\u00a0Zetsche, Vorstandsvorsitzender der Daimler AG, lag in der Kategorie Pr\u00e4gnanz an der\u00a0Spitze.\u00a0Martin Blessing, Dr. Elmar\u00a0Degenhart und Dr. Dieter Zetsche erf\u00fcllten die Erwartungen an das m\u00fcndliche Sprechen am besten.<\/p>\n<p class=\"big-title\">Auch in der Kategorie &#8222;Perzierbarkeit&#8220; geh\u00f6rten Martin Blessing und Dr. Elmar Degenhart zu den Spitzenreitern. Die Pr\u00e4gnanz der gesprochenen Rede entsteht durch Wiederholungen, das Platzieren von Soundbites und starke Beispiele; in dieser Disziplin \u00fcberzeugte besonders Dr. Dieter Zetsche.<\/p>\n<\/div>\n<p>&nbsp;<br \/>\n&nbsp;<br \/>\n&nbsp;<\/p>\n<h2 class=\"big-title\">Die Sieger-Videos 2016<\/h2>\n<p><iframe loading=\"lazy\" src=\"https:\/\/www.youtube.com\/embed\/hAma_TD51Ng\" width=\"560\" height=\"315\" frameborder=\"0\" allowfullscreen=\"allowfullscreen\"><\/iframe><br \/>\n<strong>Platz 1 | Dr. Elmar Degenhart, Continental AG<\/strong><br \/>\n&nbsp;<\/p>\n<p><iframe loading=\"lazy\" src=\"https:\/\/www.youtube.com\/embed\/ipv5ASJ4eQ0\" width=\"560\" height=\"315\" frameborder=\"0\" allowfullscreen=\"allowfullscreen\"><\/iframe><br \/>\n<strong>Platz 2 | Dr. Dieter Zetsche, Daimler AG<\/strong><br \/>\n&nbsp;<\/p>\n<p><iframe loading=\"lazy\" src=\"https:\/\/www.youtube.com\/embed\/HzcLZkqJV0o\" width=\"560\" height=\"315\" frameborder=\"0\" allowfullscreen=\"allowfullscreen\"><\/iframe><br \/>\n<strong>Platz 3 | Martin Blessing, Commerzbank AG<\/strong><\/p>\n<p>&nbsp;<\/p>\n<\/div>\n","protected":false},"excerpt":{"rendered":"<p>Der Award &#8222;Bester Manager-Auftritt 2016&#8220; wurde an Continental-Chef Dr. Elmar Degenhart vergeben. Elmar Degenhart hat bei der Preisverleihung die Leistung seines Kommunikationsteams um Felix Gress gew\u00fcrdigt und betont, der Auftritt sei nicht die Leistung eines einzelnen, sondern des Teams. \u201eEs<\/p>\n","protected":false},"author":1,"featured_media":0,"parent":0,"menu_order":0,"comment_status":"closed","ping_status":"closed","template":"","meta":[],"_links":{"self":[{"href":"https:\/\/bester-manager-auftritt.de\/index.php\/wp-json\/wp\/v2\/pages\/18"}],"collection":[{"href":"https:\/\/bester-manager-auftritt.de\/index.php\/wp-json\/wp\/v2\/pages"}],"about":[{"href":"https:\/\/bester-manager-auftritt.de\/index.php\/wp-json\/wp\/v2\/types\/page"}],"author":[{"embeddable":true,"href":"https:\/\/bester-manager-auftritt.de\/index.php\/wp-json\/wp\/v2\/users\/1"}],"replies":[{"embeddable":true,"href":"https:\/\/bester-manager-auftritt.de\/index.php\/wp-json\/wp\/v2\/comments?post=18"}],"version-history":[{"count":21,"href":"https:\/\/bester-manager-auftritt.de\/index.php\/wp-json\/wp\/v2\/pages\/18\/revisions"}],"predecessor-version":[{"id":139,"href":"https:\/\/bester-manager-auftritt.de\/index.php\/wp-json\/wp\/v2\/pages\/18\/revisions\/139"}],"wp:attachment":[{"href":"https:\/\/bester-manager-auftritt.de\/index.php\/wp-json\/wp\/v2\/media?parent=18"}],"curies":[{"name":"wp","href":"https:\/\/api.w.org\/{rel}","templated":true}]}}