{"id":121,"date":"2016-12-05T16:19:02","date_gmt":"2016-12-05T15:19:02","guid":{"rendered":"http:\/\/bester-manager-auftritt.de\/?page_id=121"},"modified":"2016-12-05T16:19:02","modified_gmt":"2016-12-05T15:19:02","slug":"gratulation-an-dr-elmar-degenhart","status":"publish","type":"page","link":"https:\/\/bester-manager-auftritt.de\/index.php\/gratulation-an-dr-elmar-degenhart\/","title":{"rendered":"Gratulation an Dr. Elmar Degenhart"},"content":{"rendered":"<p><strong><em>Von Prof. Dr. Joachim Scharloth, TU Dresden<\/em><\/strong><\/p>\n<p>Anl\u00e4sse, bei denen die Qualit\u00e4t von Reden im Zentrum steht, sind ja ganz\u00a0gr\u00e4ssliche Veranstaltungen.\u00a0Auch wenn man es gew\u00f6hnt ist, vor anderen Menschen zu sprechen, f\u00fchlt\u00a0man sich automatisch unwohl: Alle erwarten etwas Besonderes und man\u00a0versucht, jedes Wort mit besonderer Sorgfalt zu w\u00e4hlen. Und am Ende gibt es nur Verlierer, weil irgendwas immer nicht klappt.\u00a0Wir aber haben heute einen Gewinner: jemanden, der wie kein anderer alle\u00a0Register beherrscht.<\/p>\n<p>Als Stefan Wachtel mit der Idee an mich herangetreten ist, eine Studie zum besten Manager-Auftritt zu machen, war ich sofort Feuer und Flamme.\u00a0Zwar gibt es eine Reihe von Studien zu Auftritten von CEOs von\u00a0Dax-30-Unternehmen. Diese beleuchten aber nur einzelne Aspekte: Oft nur Sprachqualit\u00e4t oder die Verst\u00e4ndlichkeit als Eigenschaft eines Textes.\u00a0Wir wollten aber das gro\u00dfe Ganze: Die Rede, die Wirkung, die\u00a0Passgenauigkeit f\u00fcr das Unternehmen und die Inszenierung des Auftritts\u00a0als Ereignis im Medienformat.\u00a0Und wir wollten nicht selbst beurteilen, sondern m\u00f6glichst unbefangene\u00a0Probanden zu einer informierten Entscheidung kommen lassen.\u00a0Und so habe ich zusammen mit zwei erfahrenen Kolleginnen von der TU Dresden, Dr. Regina Bergmann und Dr. Evelyn Koch ein Seminar\u00a0veranstaltet, in dessen Rahmen wir mit den Studierenden die Kriterien\u00a0f\u00fcr die Beurteilung von Manager-Auftritten erarbeitet haben.\u00a0Mit anderen Worten: wir haben sie in Sprechwissenschaft und Rhetorik,\u00a0Transferwissenschaft, Unternehmenskommunikation und der Analyse visueller Medien geschult.\u00a0Die Urteilsf\u00e4higkeit der Studierenden haben wir dann an Reden ber\u00fchmter\u00a0CEOs und Personen des \u00f6ffentlichen Lebens, darunter Steve Jobs und Kim Jong-Un gesch\u00e4rft.<\/p>\n<p>Gewonnen hat der kompletteste Redner. Ein Redner, der nicht nur f\u00fcr sich spricht, sondern die Werte seines Unternehmen in jeder Hinsicht repr\u00e4sentiert. Ein Redner, der in allen Kategorien zu \u00fcberzeugen wei\u00df: Elmar Degenhart.\u00a0Herr Degenhart, ich gratuliere Ihnen im Namen meiner Kolleginnen an der TU Dresden, Regina Bergmann und Evelyn Koch, und besonders herzlich auch\u00a0im Namen der Studierenden unseres Seminars zur Manager-Kommunikation zum\u00a0besten Manager-Auftritt 2016.<\/p>\n","protected":false},"excerpt":{"rendered":"<p>Von Prof. Dr. Joachim Scharloth, TU Dresden Anl\u00e4sse, bei denen die Qualit\u00e4t von Reden im Zentrum steht, sind ja ganz\u00a0gr\u00e4ssliche Veranstaltungen.\u00a0Auch wenn man es gew\u00f6hnt ist, vor anderen Menschen zu sprechen, f\u00fchlt\u00a0man sich automatisch unwohl: Alle erwarten etwas Besonderes und<\/p>\n","protected":false},"author":1,"featured_media":0,"parent":0,"menu_order":0,"comment_status":"closed","ping_status":"closed","template":"","meta":[],"_links":{"self":[{"href":"https:\/\/bester-manager-auftritt.de\/index.php\/wp-json\/wp\/v2\/pages\/121"}],"collection":[{"href":"https:\/\/bester-manager-auftritt.de\/index.php\/wp-json\/wp\/v2\/pages"}],"about":[{"href":"https:\/\/bester-manager-auftritt.de\/index.php\/wp-json\/wp\/v2\/types\/page"}],"author":[{"embeddable":true,"href":"https:\/\/bester-manager-auftritt.de\/index.php\/wp-json\/wp\/v2\/users\/1"}],"replies":[{"embeddable":true,"href":"https:\/\/bester-manager-auftritt.de\/index.php\/wp-json\/wp\/v2\/comments?post=121"}],"version-history":[{"count":3,"href":"https:\/\/bester-manager-auftritt.de\/index.php\/wp-json\/wp\/v2\/pages\/121\/revisions"}],"predecessor-version":[{"id":124,"href":"https:\/\/bester-manager-auftritt.de\/index.php\/wp-json\/wp\/v2\/pages\/121\/revisions\/124"}],"wp:attachment":[{"href":"https:\/\/bester-manager-auftritt.de\/index.php\/wp-json\/wp\/v2\/media?parent=121"}],"curies":[{"name":"wp","href":"https:\/\/api.w.org\/{rel}","templated":true}]}}